{"id":13,"date":"2025-09-22T12:18:47","date_gmt":"2025-09-22T10:18:47","guid":{"rendered":"http:\/\/aurum-assist.com\/?page_id=13"},"modified":"2025-09-23T12:28:22","modified_gmt":"2025-09-23T10:28:22","slug":"pourquoi-aurum-assist","status":"publish","type":"page","link":"https:\/\/aurum-assist.com\/index.php\/pourquoi-aurum-assist\/","title":{"rendered":"Pourquoi Aurum Assist ?"},"content":{"rendered":"\n<p class=\"has-text-align-center has-large-font-size\"><strong><em>Excellence, discr\u00e9tion et efficacit\u00e9<\/em><\/strong><\/p>\n\n\n\n<hr class=\"wp-block-separator has-alpha-channel-opacity\"\/>\n\n\n\n<p>En nous confiant vos t\u00e2ches quotidiennes, vous b\u00e9n\u00e9ficiez d\u2019un service haut de gamme fond\u00e9 sur trois valeurs :<\/p>\n\n\n\n<p><br><strong>Confidentialit\u00e9<\/strong> \u2014 chaque demande est trait\u00e9e avec la plus grande discr\u00e9tion.<br><strong>Efficacit\u00e9<\/strong> \u2014 votre temps est optimis\u00e9, vos priorit\u00e9s respect\u00e9es.<br><strong>S\u00e9r\u00e9nit\u00e9<\/strong> \u2014 vous gardez l\u2019esprit libre pour ce qui compte vraiment.<\/p>\n","protected":false},"excerpt":{"rendered":"<p>Excellence, discr\u00e9tion et efficacit\u00e9 En nous confiant vos t\u00e2ches quotidiennes, vous b\u00e9n\u00e9ficiez d\u2019un service haut de gamme fond\u00e9 sur trois valeurs : Confidentialit\u00e9 \u2014 chaque demande est trait\u00e9e avec la plus grande discr\u00e9tion.Efficacit\u00e9 \u2014 votre temps est optimis\u00e9, vos priorit\u00e9s respect\u00e9es.S\u00e9r\u00e9nit\u00e9 \u2014 vous gardez l\u2019esprit libre pour ce qui compte vraiment.<\/p>\n","protected":false},"author":1,"featured_media":46,"parent":0,"menu_order":0,"comment_status":"closed","ping_status":"closed","template":"","meta":{"footnotes":""},"class_list":["post-13","page","type-page","status-publish","has-post-thumbnail","hentry"],"yoast_head":"<!-- This site is optimized with the Yoast SEO plugin v26.1.1 - https:\/\/yoast.com\/wordpress\/plugins\/seo\/ -->\n<title>Pourquoi Aurum Assist ? -<\/title>\n<meta name=\"description\" content=\"En nous confiant vos t\u00e2ches quotidiennes, vous b\u00e9n\u00e9ficiez d\u2019un service haut de gamme fond\u00e9 sur trois valeurs : Confidentialit\u00e9 - Efficacit\u00e9 -S\u00e9r\u00e9nit\u00e9\" \/>\n<meta name=\"robots\" content=\"index, follow, max-snippet:-1, max-image-preview:large, max-video-preview:-1\" \/>\n<link rel=\"canonical\" href=\"https:\/\/aurum-assist.com\/index.php\/pourquoi-aurum-assist\/\" \/>\n<meta property=\"og:locale\" content=\"fr_FR\" \/>\n<meta property=\"og:type\" content=\"article\" \/>\n<meta property=\"og:title\" content=\"Pourquoi Aurum Assist ? -\" \/>\n<meta property=\"og:description\" content=\"En nous confiant vos t\u00e2ches quotidiennes, vous b\u00e9n\u00e9ficiez d\u2019un service haut de gamme fond\u00e9 sur trois valeurs : Confidentialit\u00e9 - Efficacit\u00e9 -S\u00e9r\u00e9nit\u00e9\" \/>\n<meta property=\"og:url\" content=\"https:\/\/aurum-assist.com\/index.php\/pourquoi-aurum-assist\/\" \/>\n<meta property=\"article:modified_time\" content=\"2025-09-23T10:28:22+00:00\" \/>\n<meta property=\"og:image\" content=\"https:\/\/aurum-assist.com\/wp-content\/uploads\/2025\/09\/apple-1867752_1280.jpg\" \/>\n\t<meta property=\"og:image:width\" content=\"1280\" \/>\n\t<meta property=\"og:image:height\" content=\"854\" \/>\n\t<meta property=\"og:image:type\" content=\"image\/jpeg\" \/>\n<meta name=\"twitter:card\" content=\"summary_large_image\" \/>\n<meta name=\"twitter:label1\" content=\"Dur\u00e9e de lecture estim\u00e9e\" \/>\n\t<meta name=\"twitter:data1\" content=\"1 minute\" \/>\n<script type=\"application\/ld+json\" class=\"yoast-schema-graph\">{\"@context\":\"https:\/\/schema.org\",\"@graph\":[{\"@type\":\"WebPage\",\"@id\":\"https:\/\/aurum-assist.com\/index.php\/pourquoi-aurum-assist\/\",\"url\":\"https:\/\/aurum-assist.com\/index.php\/pourquoi-aurum-assist\/\",\"name\":\"Pourquoi Aurum Assist ? -\",\"isPartOf\":{\"@id\":\"https:\/\/aurum-assist.com\/#website\"},\"primaryImageOfPage\":{\"@id\":\"https:\/\/aurum-assist.com\/index.php\/pourquoi-aurum-assist\/#primaryimage\"},\"image\":{\"@id\":\"https:\/\/aurum-assist.com\/index.php\/pourquoi-aurum-assist\/#primaryimage\"},\"thumbnailUrl\":\"https:\/\/aurum-assist.com\/wp-content\/uploads\/2025\/09\/apple-1867752_1280.jpg\",\"datePublished\":\"2025-09-22T10:18:47+00:00\",\"dateModified\":\"2025-09-23T10:28:22+00:00\",\"description\":\"En nous confiant vos t\u00e2ches quotidiennes, vous b\u00e9n\u00e9ficiez d\u2019un service haut de gamme fond\u00e9 sur trois valeurs : Confidentialit\u00e9 - Efficacit\u00e9 -S\u00e9r\u00e9nit\u00e9\",\"breadcrumb\":{\"@id\":\"https:\/\/aurum-assist.com\/index.php\/pourquoi-aurum-assist\/#breadcrumb\"},\"inLanguage\":\"fr-FR\",\"potentialAction\":[{\"@type\":\"ReadAction\",\"target\":[\"https:\/\/aurum-assist.com\/index.php\/pourquoi-aurum-assist\/\"]}]},{\"@type\":\"ImageObject\",\"inLanguage\":\"fr-FR\",\"@id\":\"https:\/\/aurum-assist.com\/index.php\/pourquoi-aurum-assist\/#primaryimage\",\"url\":\"https:\/\/aurum-assist.com\/wp-content\/uploads\/2025\/09\/apple-1867752_1280.jpg\",\"contentUrl\":\"https:\/\/aurum-assist.com\/wp-content\/uploads\/2025\/09\/apple-1867752_1280.jpg\",\"width\":1280,\"height\":854},{\"@type\":\"BreadcrumbList\",\"@id\":\"https:\/\/aurum-assist.com\/index.php\/pourquoi-aurum-assist\/#breadcrumb\",\"itemListElement\":[{\"@type\":\"ListItem\",\"position\":1,\"name\":\"Accueil\",\"item\":\"https:\/\/aurum-assist.com\/\"},{\"@type\":\"ListItem\",\"position\":2,\"name\":\"Pourquoi Aurum Assist ?\"}]},{\"@type\":\"WebSite\",\"@id\":\"https:\/\/aurum-assist.com\/#website\",\"url\":\"https:\/\/aurum-assist.com\/\",\"name\":\"Aurum Assist\",\"description\":\"\",\"publisher\":{\"@id\":\"https:\/\/aurum-assist.com\/#organization\"},\"potentialAction\":[{\"@type\":\"SearchAction\",\"target\":{\"@type\":\"EntryPoint\",\"urlTemplate\":\"https:\/\/aurum-assist.com\/?s={search_term_string}\"},\"query-input\":{\"@type\":\"PropertyValueSpecification\",\"valueRequired\":true,\"valueName\":\"search_term_string\"}}],\"inLanguage\":\"fr-FR\"},{\"@type\":\"Organization\",\"@id\":\"https:\/\/aurum-assist.com\/#organization\",\"name\":\"Aurum Assist\",\"url\":\"https:\/\/aurum-assist.com\/\",\"logo\":{\"@type\":\"ImageObject\",\"inLanguage\":\"fr-FR\",\"@id\":\"https:\/\/aurum-assist.com\/#\/schema\/logo\/image\/\",\"url\":\"https:\/\/aurum-assist.com\/wp-content\/uploads\/2025\/09\/cropped-cropped-ChatGPT-Image-22-sept.-2025-11_09_29-1.png\",\"contentUrl\":\"https:\/\/aurum-assist.com\/wp-content\/uploads\/2025\/09\/cropped-cropped-ChatGPT-Image-22-sept.-2025-11_09_29-1.png\",\"width\":250,\"height\":250,\"caption\":\"Aurum Assist\"},\"image\":{\"@id\":\"https:\/\/aurum-assist.com\/#\/schema\/logo\/image\/\"}}]}<\/script>\n<!-- \/ Yoast SEO plugin. -->","yoast_head_json":{"title":"Pourquoi Aurum Assist ? -","description":"En nous confiant vos t\u00e2ches quotidiennes, vous b\u00e9n\u00e9ficiez d\u2019un service haut de gamme fond\u00e9 sur trois valeurs : Confidentialit\u00e9 - Efficacit\u00e9 -S\u00e9r\u00e9nit\u00e9","robots":{"index":"index","follow":"follow","max-snippet":"max-snippet:-1","max-image-preview":"max-image-preview:large","max-video-preview":"max-video-preview:-1"},"canonical":"https:\/\/aurum-assist.com\/index.php\/pourquoi-aurum-assist\/","og_locale":"fr_FR","og_type":"article","og_title":"Pourquoi Aurum Assist ? -","og_description":"En nous confiant vos t\u00e2ches quotidiennes, vous b\u00e9n\u00e9ficiez d\u2019un service haut de gamme fond\u00e9 sur trois valeurs : Confidentialit\u00e9 - Efficacit\u00e9 -S\u00e9r\u00e9nit\u00e9","og_url":"https:\/\/aurum-assist.com\/index.php\/pourquoi-aurum-assist\/","article_modified_time":"2025-09-23T10:28:22+00:00","og_image":[{"width":1280,"height":854,"url":"https:\/\/aurum-assist.com\/wp-content\/uploads\/2025\/09\/apple-1867752_1280.jpg","type":"image\/jpeg"}],"twitter_card":"summary_large_image","twitter_misc":{"Dur\u00e9e de lecture estim\u00e9e":"1 minute"},"schema":{"@context":"https:\/\/schema.org","@graph":[{"@type":"WebPage","@id":"https:\/\/aurum-assist.com\/index.php\/pourquoi-aurum-assist\/","url":"https:\/\/aurum-assist.com\/index.php\/pourquoi-aurum-assist\/","name":"Pourquoi Aurum Assist ? -","isPartOf":{"@id":"https:\/\/aurum-assist.com\/#website"},"primaryImageOfPage":{"@id":"https:\/\/aurum-assist.com\/index.php\/pourquoi-aurum-assist\/#primaryimage"},"image":{"@id":"https:\/\/aurum-assist.com\/index.php\/pourquoi-aurum-assist\/#primaryimage"},"thumbnailUrl":"https:\/\/aurum-assist.com\/wp-content\/uploads\/2025\/09\/apple-1867752_1280.jpg","datePublished":"2025-09-22T10:18:47+00:00","dateModified":"2025-09-23T10:28:22+00:00","description":"En nous confiant vos t\u00e2ches quotidiennes, vous b\u00e9n\u00e9ficiez d\u2019un service haut de gamme fond\u00e9 sur trois valeurs : Confidentialit\u00e9 - Efficacit\u00e9 -S\u00e9r\u00e9nit\u00e9","breadcrumb":{"@id":"https:\/\/aurum-assist.com\/index.php\/pourquoi-aurum-assist\/#breadcrumb"},"inLanguage":"fr-FR","potentialAction":[{"@type":"ReadAction","target":["https:\/\/aurum-assist.com\/index.php\/pourquoi-aurum-assist\/"]}]},{"@type":"ImageObject","inLanguage":"fr-FR","@id":"https:\/\/aurum-assist.com\/index.php\/pourquoi-aurum-assist\/#primaryimage","url":"https:\/\/aurum-assist.com\/wp-content\/uploads\/2025\/09\/apple-1867752_1280.jpg","contentUrl":"https:\/\/aurum-assist.com\/wp-content\/uploads\/2025\/09\/apple-1867752_1280.jpg","width":1280,"height":854},{"@type":"BreadcrumbList","@id":"https:\/\/aurum-assist.com\/index.php\/pourquoi-aurum-assist\/#breadcrumb","itemListElement":[{"@type":"ListItem","position":1,"name":"Accueil","item":"https:\/\/aurum-assist.com\/"},{"@type":"ListItem","position":2,"name":"Pourquoi Aurum Assist ?"}]},{"@type":"WebSite","@id":"https:\/\/aurum-assist.com\/#website","url":"https:\/\/aurum-assist.com\/","name":"Aurum Assist","description":"","publisher":{"@id":"https:\/\/aurum-assist.com\/#organization"},"potentialAction":[{"@type":"SearchAction","target":{"@type":"EntryPoint","urlTemplate":"https:\/\/aurum-assist.com\/?s={search_term_string}"},"query-input":{"@type":"PropertyValueSpecification","valueRequired":true,"valueName":"search_term_string"}}],"inLanguage":"fr-FR"},{"@type":"Organization","@id":"https:\/\/aurum-assist.com\/#organization","name":"Aurum Assist","url":"https:\/\/aurum-assist.com\/","logo":{"@type":"ImageObject","inLanguage":"fr-FR","@id":"https:\/\/aurum-assist.com\/#\/schema\/logo\/image\/","url":"https:\/\/aurum-assist.com\/wp-content\/uploads\/2025\/09\/cropped-cropped-ChatGPT-Image-22-sept.-2025-11_09_29-1.png","contentUrl":"https:\/\/aurum-assist.com\/wp-content\/uploads\/2025\/09\/cropped-cropped-ChatGPT-Image-22-sept.-2025-11_09_29-1.png","width":250,"height":250,"caption":"Aurum Assist"},"image":{"@id":"https:\/\/aurum-assist.com\/#\/schema\/logo\/image\/"}}]}},"_links":{"self":[{"href":"https:\/\/aurum-assist.com\/index.php\/wp-json\/wp\/v2\/pages\/13","targetHints":{"allow":["GET"]}}],"collection":[{"href":"https:\/\/aurum-assist.com\/index.php\/wp-json\/wp\/v2\/pages"}],"about":[{"href":"https:\/\/aurum-assist.com\/index.php\/wp-json\/wp\/v2\/types\/page"}],"author":[{"embeddable":true,"href":"https:\/\/aurum-assist.com\/index.php\/wp-json\/wp\/v2\/users\/1"}],"replies":[{"embeddable":true,"href":"https:\/\/aurum-assist.com\/index.php\/wp-json\/wp\/v2\/comments?post=13"}],"version-history":[{"count":4,"href":"https:\/\/aurum-assist.com\/index.php\/wp-json\/wp\/v2\/pages\/13\/revisions"}],"predecessor-version":[{"id":90,"href":"https:\/\/aurum-assist.com\/index.php\/wp-json\/wp\/v2\/pages\/13\/revisions\/90"}],"wp:featuredmedia":[{"embeddable":true,"href":"https:\/\/aurum-assist.com\/index.php\/wp-json\/wp\/v2\/media\/46"}],"wp:attachment":[{"href":"https:\/\/aurum-assist.com\/index.php\/wp-json\/wp\/v2\/media?parent=13"}],"curies":[{"name":"wp","href":"https:\/\/api.w.org\/{rel}","templated":true}]}}