{"id":12,"date":"2025-09-22T12:18:47","date_gmt":"2025-09-22T10:18:47","guid":{"rendered":"http:\/\/aurum-assist.com\/?page_id=12"},"modified":"2025-09-23T12:31:26","modified_gmt":"2025-09-23T10:31:26","slug":"un-accompagnement-sur-mesure","status":"publish","type":"page","link":"https:\/\/aurum-assist.com\/index.php\/un-accompagnement-sur-mesure\/","title":{"rendered":"Un accompagnement sur mesure"},"content":{"rendered":"\n<p class=\"has-text-align-center\">Chaque client est unique. Nous vous proposons des prestations personnalis\u00e9es, adapt\u00e9es \u00e0 vos besoins et \u00e0 votre rythme.<\/p>\n\n\n\n<hr class=\"wp-block-separator has-alpha-channel-opacity\"\/>\n\n\n\n<ul class=\"wp-block-list\">\n<li>Gestion d\u2019agenda et organisation de rendez-vous<\/li>\n\n\n\n<li>R\u00e9servations de voyages, h\u00f4tels et restaurants<\/li>\n\n\n\n<li>Organisation d\u2019\u00e9v\u00e9nements professionnels ou priv\u00e9s<\/li>\n\n\n\n<li>Suivi administratif et t\u00e2ches du quotidien<\/li>\n\n\n\n<li>Coordination avec vos partenaires et prestataires<\/li>\n\n\n\n<li>&#8230;<\/li>\n<\/ul>\n\n\n\n<p><\/p>\n","protected":false},"excerpt":{"rendered":"<p>Chaque client est unique. Nous vous proposons des prestations personnalis\u00e9es, adapt\u00e9es \u00e0 vos besoins et \u00e0 votre rythme.<\/p>\n","protected":false},"author":1,"featured_media":44,"parent":0,"menu_order":0,"comment_status":"closed","ping_status":"closed","template":"","meta":{"footnotes":""},"class_list":["post-12","page","type-page","status-publish","has-post-thumbnail","hentry"],"yoast_head":"<!-- This site is optimized with the Yoast SEO plugin v26.1.1 - https:\/\/yoast.com\/wordpress\/plugins\/seo\/ -->\n<title>Un accompagnement sur mesure -<\/title>\n<meta name=\"description\" content=\"Chaque client est unique. Nous vous proposons des prestations personnalis\u00e9es, adapt\u00e9es \u00e0 vos besoins et \u00e0 votre rythme.\" \/>\n<meta name=\"robots\" content=\"index, follow, max-snippet:-1, max-image-preview:large, max-video-preview:-1\" \/>\n<link rel=\"canonical\" href=\"https:\/\/aurum-assist.com\/index.php\/un-accompagnement-sur-mesure\/\" \/>\n<meta property=\"og:locale\" content=\"fr_FR\" \/>\n<meta property=\"og:type\" content=\"article\" \/>\n<meta property=\"og:title\" content=\"Un accompagnement sur mesure -\" \/>\n<meta property=\"og:description\" content=\"Chaque client est unique. Nous vous proposons des prestations personnalis\u00e9es, adapt\u00e9es \u00e0 vos besoins et \u00e0 votre rythme.\" \/>\n<meta property=\"og:url\" content=\"https:\/\/aurum-assist.com\/index.php\/un-accompagnement-sur-mesure\/\" \/>\n<meta property=\"article:modified_time\" content=\"2025-09-23T10:31:26+00:00\" \/>\n<meta property=\"og:image\" content=\"https:\/\/aurum-assist.com\/wp-content\/uploads\/2025\/09\/home-office-1867761_1280.jpg\" \/>\n\t<meta property=\"og:image:width\" content=\"1280\" \/>\n\t<meta property=\"og:image:height\" content=\"854\" \/>\n\t<meta property=\"og:image:type\" content=\"image\/jpeg\" \/>\n<meta name=\"twitter:card\" content=\"summary_large_image\" \/>\n<meta name=\"twitter:label1\" content=\"Dur\u00e9e de lecture estim\u00e9e\" \/>\n\t<meta name=\"twitter:data1\" content=\"1 minute\" \/>\n<script type=\"application\/ld+json\" class=\"yoast-schema-graph\">{\"@context\":\"https:\/\/schema.org\",\"@graph\":[{\"@type\":\"WebPage\",\"@id\":\"https:\/\/aurum-assist.com\/index.php\/un-accompagnement-sur-mesure\/\",\"url\":\"https:\/\/aurum-assist.com\/index.php\/un-accompagnement-sur-mesure\/\",\"name\":\"Un accompagnement sur mesure -\",\"isPartOf\":{\"@id\":\"https:\/\/aurum-assist.com\/#website\"},\"primaryImageOfPage\":{\"@id\":\"https:\/\/aurum-assist.com\/index.php\/un-accompagnement-sur-mesure\/#primaryimage\"},\"image\":{\"@id\":\"https:\/\/aurum-assist.com\/index.php\/un-accompagnement-sur-mesure\/#primaryimage\"},\"thumbnailUrl\":\"https:\/\/aurum-assist.com\/wp-content\/uploads\/2025\/09\/home-office-1867761_1280.jpg\",\"datePublished\":\"2025-09-22T10:18:47+00:00\",\"dateModified\":\"2025-09-23T10:31:26+00:00\",\"description\":\"Chaque client est unique. Nous vous proposons des prestations personnalis\u00e9es, adapt\u00e9es \u00e0 vos besoins et \u00e0 votre rythme.\",\"breadcrumb\":{\"@id\":\"https:\/\/aurum-assist.com\/index.php\/un-accompagnement-sur-mesure\/#breadcrumb\"},\"inLanguage\":\"fr-FR\",\"potentialAction\":[{\"@type\":\"ReadAction\",\"target\":[\"https:\/\/aurum-assist.com\/index.php\/un-accompagnement-sur-mesure\/\"]}]},{\"@type\":\"ImageObject\",\"inLanguage\":\"fr-FR\",\"@id\":\"https:\/\/aurum-assist.com\/index.php\/un-accompagnement-sur-mesure\/#primaryimage\",\"url\":\"https:\/\/aurum-assist.com\/wp-content\/uploads\/2025\/09\/home-office-1867761_1280.jpg\",\"contentUrl\":\"https:\/\/aurum-assist.com\/wp-content\/uploads\/2025\/09\/home-office-1867761_1280.jpg\",\"width\":1280,\"height\":854},{\"@type\":\"BreadcrumbList\",\"@id\":\"https:\/\/aurum-assist.com\/index.php\/un-accompagnement-sur-mesure\/#breadcrumb\",\"itemListElement\":[{\"@type\":\"ListItem\",\"position\":1,\"name\":\"Accueil\",\"item\":\"https:\/\/aurum-assist.com\/\"},{\"@type\":\"ListItem\",\"position\":2,\"name\":\"Un accompagnement sur mesure\"}]},{\"@type\":\"WebSite\",\"@id\":\"https:\/\/aurum-assist.com\/#website\",\"url\":\"https:\/\/aurum-assist.com\/\",\"name\":\"Aurum Assist\",\"description\":\"\",\"publisher\":{\"@id\":\"https:\/\/aurum-assist.com\/#organization\"},\"potentialAction\":[{\"@type\":\"SearchAction\",\"target\":{\"@type\":\"EntryPoint\",\"urlTemplate\":\"https:\/\/aurum-assist.com\/?s={search_term_string}\"},\"query-input\":{\"@type\":\"PropertyValueSpecification\",\"valueRequired\":true,\"valueName\":\"search_term_string\"}}],\"inLanguage\":\"fr-FR\"},{\"@type\":\"Organization\",\"@id\":\"https:\/\/aurum-assist.com\/#organization\",\"name\":\"Aurum Assist\",\"url\":\"https:\/\/aurum-assist.com\/\",\"logo\":{\"@type\":\"ImageObject\",\"inLanguage\":\"fr-FR\",\"@id\":\"https:\/\/aurum-assist.com\/#\/schema\/logo\/image\/\",\"url\":\"https:\/\/aurum-assist.com\/wp-content\/uploads\/2025\/09\/cropped-cropped-ChatGPT-Image-22-sept.-2025-11_09_29-1.png\",\"contentUrl\":\"https:\/\/aurum-assist.com\/wp-content\/uploads\/2025\/09\/cropped-cropped-ChatGPT-Image-22-sept.-2025-11_09_29-1.png\",\"width\":250,\"height\":250,\"caption\":\"Aurum Assist\"},\"image\":{\"@id\":\"https:\/\/aurum-assist.com\/#\/schema\/logo\/image\/\"}}]}<\/script>\n<!-- \/ Yoast SEO plugin. -->","yoast_head_json":{"title":"Un accompagnement sur mesure -","description":"Chaque client est unique. Nous vous proposons des prestations personnalis\u00e9es, adapt\u00e9es \u00e0 vos besoins et \u00e0 votre rythme.","robots":{"index":"index","follow":"follow","max-snippet":"max-snippet:-1","max-image-preview":"max-image-preview:large","max-video-preview":"max-video-preview:-1"},"canonical":"https:\/\/aurum-assist.com\/index.php\/un-accompagnement-sur-mesure\/","og_locale":"fr_FR","og_type":"article","og_title":"Un accompagnement sur mesure -","og_description":"Chaque client est unique. Nous vous proposons des prestations personnalis\u00e9es, adapt\u00e9es \u00e0 vos besoins et \u00e0 votre rythme.","og_url":"https:\/\/aurum-assist.com\/index.php\/un-accompagnement-sur-mesure\/","article_modified_time":"2025-09-23T10:31:26+00:00","og_image":[{"width":1280,"height":854,"url":"https:\/\/aurum-assist.com\/wp-content\/uploads\/2025\/09\/home-office-1867761_1280.jpg","type":"image\/jpeg"}],"twitter_card":"summary_large_image","twitter_misc":{"Dur\u00e9e de lecture estim\u00e9e":"1 minute"},"schema":{"@context":"https:\/\/schema.org","@graph":[{"@type":"WebPage","@id":"https:\/\/aurum-assist.com\/index.php\/un-accompagnement-sur-mesure\/","url":"https:\/\/aurum-assist.com\/index.php\/un-accompagnement-sur-mesure\/","name":"Un accompagnement sur mesure -","isPartOf":{"@id":"https:\/\/aurum-assist.com\/#website"},"primaryImageOfPage":{"@id":"https:\/\/aurum-assist.com\/index.php\/un-accompagnement-sur-mesure\/#primaryimage"},"image":{"@id":"https:\/\/aurum-assist.com\/index.php\/un-accompagnement-sur-mesure\/#primaryimage"},"thumbnailUrl":"https:\/\/aurum-assist.com\/wp-content\/uploads\/2025\/09\/home-office-1867761_1280.jpg","datePublished":"2025-09-22T10:18:47+00:00","dateModified":"2025-09-23T10:31:26+00:00","description":"Chaque client est unique. Nous vous proposons des prestations personnalis\u00e9es, adapt\u00e9es \u00e0 vos besoins et \u00e0 votre rythme.","breadcrumb":{"@id":"https:\/\/aurum-assist.com\/index.php\/un-accompagnement-sur-mesure\/#breadcrumb"},"inLanguage":"fr-FR","potentialAction":[{"@type":"ReadAction","target":["https:\/\/aurum-assist.com\/index.php\/un-accompagnement-sur-mesure\/"]}]},{"@type":"ImageObject","inLanguage":"fr-FR","@id":"https:\/\/aurum-assist.com\/index.php\/un-accompagnement-sur-mesure\/#primaryimage","url":"https:\/\/aurum-assist.com\/wp-content\/uploads\/2025\/09\/home-office-1867761_1280.jpg","contentUrl":"https:\/\/aurum-assist.com\/wp-content\/uploads\/2025\/09\/home-office-1867761_1280.jpg","width":1280,"height":854},{"@type":"BreadcrumbList","@id":"https:\/\/aurum-assist.com\/index.php\/un-accompagnement-sur-mesure\/#breadcrumb","itemListElement":[{"@type":"ListItem","position":1,"name":"Accueil","item":"https:\/\/aurum-assist.com\/"},{"@type":"ListItem","position":2,"name":"Un accompagnement sur mesure"}]},{"@type":"WebSite","@id":"https:\/\/aurum-assist.com\/#website","url":"https:\/\/aurum-assist.com\/","name":"Aurum Assist","description":"","publisher":{"@id":"https:\/\/aurum-assist.com\/#organization"},"potentialAction":[{"@type":"SearchAction","target":{"@type":"EntryPoint","urlTemplate":"https:\/\/aurum-assist.com\/?s={search_term_string}"},"query-input":{"@type":"PropertyValueSpecification","valueRequired":true,"valueName":"search_term_string"}}],"inLanguage":"fr-FR"},{"@type":"Organization","@id":"https:\/\/aurum-assist.com\/#organization","name":"Aurum Assist","url":"https:\/\/aurum-assist.com\/","logo":{"@type":"ImageObject","inLanguage":"fr-FR","@id":"https:\/\/aurum-assist.com\/#\/schema\/logo\/image\/","url":"https:\/\/aurum-assist.com\/wp-content\/uploads\/2025\/09\/cropped-cropped-ChatGPT-Image-22-sept.-2025-11_09_29-1.png","contentUrl":"https:\/\/aurum-assist.com\/wp-content\/uploads\/2025\/09\/cropped-cropped-ChatGPT-Image-22-sept.-2025-11_09_29-1.png","width":250,"height":250,"caption":"Aurum Assist"},"image":{"@id":"https:\/\/aurum-assist.com\/#\/schema\/logo\/image\/"}}]}},"_links":{"self":[{"href":"https:\/\/aurum-assist.com\/index.php\/wp-json\/wp\/v2\/pages\/12","targetHints":{"allow":["GET"]}}],"collection":[{"href":"https:\/\/aurum-assist.com\/index.php\/wp-json\/wp\/v2\/pages"}],"about":[{"href":"https:\/\/aurum-assist.com\/index.php\/wp-json\/wp\/v2\/types\/page"}],"author":[{"embeddable":true,"href":"https:\/\/aurum-assist.com\/index.php\/wp-json\/wp\/v2\/users\/1"}],"replies":[{"embeddable":true,"href":"https:\/\/aurum-assist.com\/index.php\/wp-json\/wp\/v2\/comments?post=12"}],"version-history":[{"count":5,"href":"https:\/\/aurum-assist.com\/index.php\/wp-json\/wp\/v2\/pages\/12\/revisions"}],"predecessor-version":[{"id":92,"href":"https:\/\/aurum-assist.com\/index.php\/wp-json\/wp\/v2\/pages\/12\/revisions\/92"}],"wp:featuredmedia":[{"embeddable":true,"href":"https:\/\/aurum-assist.com\/index.php\/wp-json\/wp\/v2\/media\/44"}],"wp:attachment":[{"href":"https:\/\/aurum-assist.com\/index.php\/wp-json\/wp\/v2\/media?parent=12"}],"curies":[{"name":"wp","href":"https:\/\/api.w.org\/{rel}","templated":true}]}}